{"id":297,"date":"2020-12-05T18:56:47","date_gmt":"2020-12-05T18:56:47","guid":{"rendered":"http:\/\/verum-dasrestaurant.de\/?page_id=297"},"modified":"2022-03-08T11:47:21","modified_gmt":"2022-03-08T11:47:21","slug":"impressum","status":"publish","type":"page","link":"https:\/\/verum-dasrestaurant.de\/?page_id=297","title":{"rendered":"Impressum"},"content":{"rendered":"\n<p><span style=\"color: #385623;\"><strong>Verum. Das Restaurant<\/strong><\/span><\/p>\n<p><span style=\"color: #538135;\">Ferdinand Kretz, Lisa Schr\u00f6der GbR<\/span><\/p>\n<p><span style=\"color: #538135;\">Tel.: 015255426666, 017662262600<\/span><\/p>\n<p><span style=\"color: #538135;\">Email: kontakt@verum-dasrestaurant.de<\/span><\/p>\n<p><span style=\"color: #538135;\">St-Nr. : 24\/095\/43381<br \/><\/span><\/p>\n<p><span style=\"color: #538135;\">Ust-IdNr. : DE338287610<br \/><\/span><\/p>\n<p><span style=\"color: #385623;\"><strong>Bankverbindung:<\/strong><\/span><\/p>\n<p><span style=\"color: #538135;\">Sparkasse Rhein-Haardt<\/span><\/p>\n<p><span style=\"color: #538135;\">IBAN: DE78 5465 1240 0005 8042 65<\/span><\/p>\n<p><span style=\"color: #538135;\">BIC: MALADE51DKH<\/span><\/p>\n<h4><span style=\"color: #385623;\"><strong>Haftungsausschluss<\/strong><\/span><\/h4>\n<p><span style=\"color: #385623;\"><strong>Haftung f\u00fcr Inhalte<\/strong><\/span><\/p>\n<p><span style=\"color: #538135;\">Als Diensteanbieter sind wir gem\u00e4\u00df \u00a7 7 Abs.1 TMG f\u00fcr eigene Inhalte auf diesen Seiten nach den allgemeinen Gesetzen verantwortlich. Nach \u00a7\u00a7 8 bis 10 TMG sind wir als Diensteanbieter jedoch nicht verpflichtet, \u00fcbermittelte oder gespeicherte fremde Informationen zu \u00fcberwachen oder nach Umst\u00e4nden zu forschen, die auf eine rechtswidrige T\u00e4tigkeit hinweisen. Verpflichtungen zur Entfernung oder Sperrung der Nutzung von Informationen nach den allgemeinen Gesetzen bleiben hiervon unber\u00fchrt. Eine diesbez\u00fcgliche Haftung ist jedoch erst ab dem Zeitpunkt der Kenntnis einer konkreten Rechtsverletzung m\u00f6glich. Bei Bekanntwerden von entsprechenden Rechtsverletzungen werden wir diese Inhalte umgehend entfernen.<\/span><\/p>\n<p><span style=\"color: #385623;\"><strong>Haftung f\u00fcr Links<\/strong><\/span><\/p>\n<p><span style=\"color: #538135;\">Unser Angebot enth\u00e4lt Links zu externen Webseiten Dritter, auf deren Inhalte wir keinen Einfluss haben. Deshalb k\u00f6nnen wir f\u00fcr diese fremden Inhalte auch keine Gew\u00e4hr \u00fcbernehmen. F\u00fcr die Inhalte der verlinkten Seiten ist stets der jeweilige Anbieter oder Betreiber der Seiten verantwortlich. Die verlinkten Seiten wurden zum Zeitpunkt der Verlinkung auf m\u00f6gliche Rechtsverst\u00f6\u00dfe \u00fcberpr\u00fcft. Rechtswidrige Inhalte waren zum Zeitpunkt der Verlinkung nicht erkennbar. Eine permanente inhaltliche Kontrolle der verlinkten Seiten ist jedoch ohne konkrete Anhaltspunkte einer Rechtsverletzung nicht zumutbar. Bei Bekanntwerden von Rechtsverletzungen werden wir derartige Links umgehend entfernen.<\/span><\/p>\n<p><span style=\"color: #538135;\">Die durch die Seitenbetreiber erstellten Inhalte und Werke auf diesen Seiten unterliegen dem deutschen Urheberrecht. Die Vervielf\u00e4ltigung, Bearbeitung, Verbreitung und jede Art der Verwertung au\u00dferhalb der Grenzen des Urheberrechtes bed\u00fcrfen der schriftlichen Zustimmung des jeweiligen Autors bzw. Erstellers. Downloads und Kopien dieser Seite sind nur f\u00fcr den privaten, nicht kommerziellen Gebrauch gestattet. Soweit die Inhalte auf dieser Seite nicht vom Betreiber erstellt wurden, werden die Urheberrechte Dritter beachtet. Insbesondere werden Inhalte Dritter als solche gekennzeichnet. Sollten Sie trotzdem auf eine Urheberrechtsverletzung aufmerksam werden, bitten wir um einen entsprechenden Hinweis. Bei Bekanntwerden von Rechtsverletzungen werden wir derartige Inhalte umgehend entfernen.<\/span><\/p>\n<h4><span style=\"color: #385623;\"><strong>Datenschutzerkl\u00e4rung<\/strong><\/span><\/h4>\n<p><span style=\"color: #385623;\"><strong>Allgemeines<\/strong><\/span><\/p>\n<p><span style=\"color: #538135;\">Ihre personenbezogenen Daten (z.B. Anrede, Name, Anschrift, E-Mail-Adresse, Telefonnummer, Bankverbindung, Kreditkartennummer) werden von uns nur gem\u00e4\u00df den Bestimmungen des deutschen Datenschutzrechts verarbeitet. Die nachfolgenden Vorschriften informieren Sie \u00fcber Art, Umfang und Zweck der Erhebung, Verarbeitung und Nutzung personenbezogener Daten. Diese Datenschutzerkl\u00e4rung bezieht sich nur auf unsere Webseiten. Falls Sie \u00fcber Links auf unseren Seiten auf andere Seiten weitergeleitet werden, informieren Sie sich bitte dort \u00fcber den jeweiligen Umgang mit Ihren Daten.<\/span><\/p>\n<p><span style=\"color: #385623;\"><strong>Bestandsdaten<\/strong><\/span><\/p>\n<p><span style=\"color: #538135;\">(1) Ihre personenbezogenen Daten, soweit diese f\u00fcr die Begr\u00fcndung, inhaltliche Ausgestaltung oder \u00c4nderung des Vertragsverh\u00e4ltnisses erforderlich sind (Bestandsdaten), werden ausschlie\u00dflich zur Vertragsabwicklung verwendet. So muss z.B. zur Zustellung der Waren Ihr Name und Ihre Anschrift an den Warenlieferanten weitergegeben werden. <\/span><br \/><span style=\"color: #538135;\">(2) Ohne Ihre ausdr\u00fcckliche Einwilligung oder ohne gesetzliche Grundlage werden Ihre personenbezogenen Daten nicht an au\u00dferhalb der Vertragsabwicklung stehende Dritte weitergegeben. Nach vollst\u00e4ndiger Vertragsabwicklung werden Ihre Daten f\u00fcr die weitere Verwendung gesperrt. Nach Ablauf der steuer- und handelsrechtlichen Vorschriften werden diese Daten gel\u00f6scht, sofern Sie nicht ausdr\u00fccklich in die weitere Nutzung eingewilligt haben.<\/span><\/p>\n<p><span style=\"color: #385623;\"><strong>Auskunft<\/strong><\/span><\/p>\n<p><span style=\"color: #538135;\">Nach dem Bundesdatenschutzgesetz haben Sie ein Recht auf unentgeltliche Auskunft \u00fcber Ihre gespeicherten Daten sowie ggf. ein Recht auf Berichtigung, Sperrung oder L\u00f6schung dieser Daten. Fragen k\u00f6nnen Sie z.B. \u00fcber die folgende E-Mail-Adresse stellen: kontakt@verum-dasrestaurant.de<\/span><\/p>\n","protected":false},"excerpt":{"rendered":"<p>Verum. Das Restaurant Ferdinand Kretz, Lisa Schr\u00f6der GbR Tel.: 015255426666, 017662262600 Email: kontakt@verum-dasrestaurant.de St-Nr. : 24\/095\/43381 Ust-IdNr. : DE338287610 Bankverbindung: Sparkasse Rhein-Haardt IBAN: DE78 5465 1240 0005 8042 65 BIC: [&hellip;]<\/p>\n","protected":false},"author":1,"featured_media":0,"parent":0,"menu_order":0,"comment_status":"closed","ping_status":"closed","template":"","meta":[],"yoast_head":"<!-- This site is optimized with the Yoast SEO plugin v15.4 - https:\/\/yoast.com\/wordpress\/plugins\/seo\/ -->\n<title>Impressum - Verum. Das Restaurant &quot;...aus Liebe an Genuss!&quot;<\/title>\n<meta name=\"robots\" content=\"index, follow, max-snippet:-1, max-image-preview:large, max-video-preview:-1\" \/>\n<link rel=\"canonical\" href=\"https:\/\/verum-dasrestaurant.de\/?page_id=297\" \/>\n<meta property=\"og:locale\" content=\"de_DE\" \/>\n<meta property=\"og:type\" content=\"article\" \/>\n<meta property=\"og:title\" content=\"Impressum - Verum. Das Restaurant &quot;...aus Liebe an Genuss!&quot;\" \/>\n<meta property=\"og:description\" content=\"Verum. Das Restaurant Ferdinand Kretz, Lisa Schr\u00f6der GbR Tel.: 015255426666, 017662262600 Email: kontakt@verum-dasrestaurant.de St-Nr. : 24\/095\/43381 Ust-IdNr. : DE338287610 Bankverbindung: Sparkasse Rhein-Haardt IBAN: DE78 5465 1240 0005 8042 65 BIC: [&hellip;]\" \/>\n<meta property=\"og:url\" content=\"https:\/\/verum-dasrestaurant.de\/?page_id=297\" \/>\n<meta property=\"og:site_name\" content=\"Verum. Das Restaurant &quot;...aus Liebe an Genuss!&quot;\" \/>\n<meta property=\"article:modified_time\" content=\"2022-03-08T11:47:21+00:00\" \/>\n<meta name=\"twitter:card\" content=\"summary_large_image\" \/>\n<meta name=\"twitter:label1\" content=\"Verfasst von\">\n\t<meta name=\"twitter:data1\" content=\"kretzfer\">\n\t<meta name=\"twitter:label2\" content=\"Gesch\u00e4tzte Lesezeit\">\n\t<meta name=\"twitter:data2\" content=\"2\u00a0Minuten\">\n<script type=\"application\/ld+json\" class=\"yoast-schema-graph\">{\"@context\":\"https:\/\/schema.org\",\"@graph\":[{\"@type\":\"WebSite\",\"@id\":\"https:\/\/verum-dasrestaurant.de\/#website\",\"url\":\"https:\/\/verum-dasrestaurant.de\/\",\"name\":\"Verum. Das Restaurant &quot;...aus Liebe an Genuss!&quot;\",\"description\":\"K\\u00f6stlicher Geschmack gepaart mit Gastlichkeit und Freude. Ein Restaurant mit lecker, gut gekochtem Essen, indem ein vielf\\u00e4ltiges Men\\u00fc und ausgew\\u00e4hlter Wein genossen werden kann.\",\"potentialAction\":[{\"@type\":\"SearchAction\",\"target\":\"https:\/\/verum-dasrestaurant.de\/?s={search_term_string}\",\"query-input\":\"required name=search_term_string\"}],\"inLanguage\":\"de\"},{\"@type\":\"WebPage\",\"@id\":\"https:\/\/verum-dasrestaurant.de\/?page_id=297#webpage\",\"url\":\"https:\/\/verum-dasrestaurant.de\/?page_id=297\",\"name\":\"Impressum - Verum. Das Restaurant &quot;...aus Liebe an Genuss!&quot;\",\"isPartOf\":{\"@id\":\"https:\/\/verum-dasrestaurant.de\/#website\"},\"datePublished\":\"2020-12-05T18:56:47+00:00\",\"dateModified\":\"2022-03-08T11:47:21+00:00\",\"inLanguage\":\"de\",\"potentialAction\":[{\"@type\":\"ReadAction\",\"target\":[\"https:\/\/verum-dasrestaurant.de\/?page_id=297\"]}]}]}<\/script>\n<!-- \/ Yoast SEO plugin. -->","_links":{"self":[{"href":"https:\/\/verum-dasrestaurant.de\/index.php?rest_route=\/wp\/v2\/pages\/297"}],"collection":[{"href":"https:\/\/verum-dasrestaurant.de\/index.php?rest_route=\/wp\/v2\/pages"}],"about":[{"href":"https:\/\/verum-dasrestaurant.de\/index.php?rest_route=\/wp\/v2\/types\/page"}],"author":[{"embeddable":true,"href":"https:\/\/verum-dasrestaurant.de\/index.php?rest_route=\/wp\/v2\/users\/1"}],"replies":[{"embeddable":true,"href":"https:\/\/verum-dasrestaurant.de\/index.php?rest_route=%2Fwp%2Fv2%2Fcomments&post=297"}],"version-history":[{"count":16,"href":"https:\/\/verum-dasrestaurant.de\/index.php?rest_route=\/wp\/v2\/pages\/297\/revisions"}],"predecessor-version":[{"id":530,"href":"https:\/\/verum-dasrestaurant.de\/index.php?rest_route=\/wp\/v2\/pages\/297\/revisions\/530"}],"wp:attachment":[{"href":"https:\/\/verum-dasrestaurant.de\/index.php?rest_route=%2Fwp%2Fv2%2Fmedia&parent=297"}],"curies":[{"name":"wp","href":"https:\/\/api.w.org\/{rel}","templated":true}]}}