{"id":55,"date":"2020-10-28T14:42:00","date_gmt":"2020-10-28T14:42:00","guid":{"rendered":"http:\/\/verum-dasrestaurant.de\/?page_id=55"},"modified":"2022-03-08T13:05:12","modified_gmt":"2022-03-08T13:05:12","slug":"genuss","status":"publish","type":"page","link":"https:\/\/verum-dasrestaurant.de\/","title":{"rendered":"Verum. Das Restaurant &#8222;&#8230;aus Liebe an Genuss!&#8220;"},"content":{"rendered":"\n<div class=\"wp-block-cover alignfull\" style=\"background-image:url(https:\/\/verum-dasrestaurant.de\/wp-content\/uploads\/2020\/10\/IMG-20200403-WA0023-3-e1603962376767.jpg);min-height:1221px;background-position:40% 45%\"><div class=\"wp-block-cover__inner-container\">\n<h1 class=\"has-text-align-center\"><strong><span style=\"color:#FFFFFF\" class=\"tadv-color\">&#8220; &#8230; aus Liebe an Genuss. &#8222;<\/span><\/strong><\/h1>\n<\/div><\/div>\n\n\n\n<h2 style=\"text-align: center;\"><strong><em><span style=\"color: #385623;\">Die Entstehung<\/span><\/em><\/strong><\/h2>\n<h5 style=\"text-align: center;\"><span style=\"color: #538135;\">Seien Sie dabei wie zwei ambitionierte K\u00f6che voller Ideen und Tatendrang Ihr Traumrestaurant verwirklichen!<\/span><br><br><span style=\"color: #538135;\">Verfolgen Sie unsere Entwicklungen mitten im Geschehen. Genie\u00dfen Sie vorab unser K\u00f6nnen und lassen Sie sich von unserer Leidenschaft f\u00fcr Genuss und sensationellen Geschmack faszinieren!<\/span><\/h5>\n<h4 class=\"preScale scaleIn\" style=\"text-align: center;\"><em><span style=\"color: #385623;\">Erleben Sie vorab Verum. Das Restaurant, an einem unserer POP-UP Termine oder im privaten Rahmen mit individuellem Men\u00fc.<\/span><\/em><\/h4>\n<p>&nbsp;<\/p>\n\n\n\n<figure class=\"wp-block-image alignfull size-large\"><img loading=\"lazy\" width=\"1024\" height=\"683\" src=\"https:\/\/verum-dasrestaurant.de\/wp-content\/uploads\/2021\/07\/IMG_4065e-1024x683.jpg\" alt=\"\" class=\"wp-image-500\" srcset=\"https:\/\/verum-dasrestaurant.de\/wp-content\/uploads\/2021\/07\/IMG_4065e-1024x683.jpg 1024w, https:\/\/verum-dasrestaurant.de\/wp-content\/uploads\/2021\/07\/IMG_4065e-300x200.jpg 300w, https:\/\/verum-dasrestaurant.de\/wp-content\/uploads\/2021\/07\/IMG_4065e-768x512.jpg 768w, https:\/\/verum-dasrestaurant.de\/wp-content\/uploads\/2021\/07\/IMG_4065e-1536x1024.jpg 1536w, https:\/\/verum-dasrestaurant.de\/wp-content\/uploads\/2021\/07\/IMG_4065e-2048x1365.jpg 2048w\" sizes=\"(max-width: 1024px) 100vw, 1024px\" \/><\/figure>\n\n\n\n<h2 style=\"text-align: center;\"><strong><span style=\"color: #385623;\"><em><a id=\"verum.diekoechefuerzuhause\"><\/a>Verum. Die K\u00f6che f\u00fcr Zuhause<\/em><\/span><\/strong><\/h2>\n<p style=\"text-align: center;\"><span style=\"color: #538135;\">Holen Sie sich die Verum K\u00f6che nach Hause. Wir kommen mit Geschirr, Besteck und einem individuellen Men\u00fc. Das Erlebnis <strong>Verum. Das Restaurant ganz privat<\/strong> gibt es ab 6 Personen.<\/span><\/p>\n<p style=\"text-align: center;\"><span style=\"color: #538135;\"><span style=\"color: #385623;\">Anfragen gerne unter <\/span><a style=\"color: #538135;\" href=\"mailto:kontakt@verum-dasrestaurant.de\"><span style=\"color: #385623;\">kontakt@verum-dasrestaurant.de<\/span><\/a><\/span><\/p>\n<p style=\"text-align: center;\"><span style=\"color: #538135;\">Die <strong>K\u00f6stlichkeiten unserer Manufaktur<\/strong> richten wir f\u00fcr Sie auch gerne in Gl\u00e4sern an, inklusive hausgebackenem Sauerteigbrot und Raffinessen unserer P\u00e2tisserie. Mit viel Liebe stellen wir Ihnen handliche Boxen zusammen, fix fertig zum Genuss, zum Beispiel f\u00fcr ein ausschweifendes <strong>Picknick<\/strong>.<\/span><\/p>\n<h4 style=\"text-align: center;\"><span style=\"color: #385623;\"><em>&#8230; aus Liebe an Genuss!<\/em><\/span><\/h4>\n<p>&nbsp;<\/p>\n\n\n\n<div class=\"wp-block-buttons\"><\/div>\n\n\n\n<figure class=\"wp-block-image alignfull size-large is-style-default\"><img loading=\"lazy\" width=\"1024\" height=\"683\" src=\"https:\/\/verum-dasrestaurant.de\/wp-content\/uploads\/2021\/07\/IMG_4172e-1024x683.jpg\" alt=\"\" class=\"wp-image-504\" srcset=\"https:\/\/verum-dasrestaurant.de\/wp-content\/uploads\/2021\/07\/IMG_4172e-1024x683.jpg 1024w, https:\/\/verum-dasrestaurant.de\/wp-content\/uploads\/2021\/07\/IMG_4172e-300x200.jpg 300w, https:\/\/verum-dasrestaurant.de\/wp-content\/uploads\/2021\/07\/IMG_4172e-768x512.jpg 768w, https:\/\/verum-dasrestaurant.de\/wp-content\/uploads\/2021\/07\/IMG_4172e-1536x1024.jpg 1536w, https:\/\/verum-dasrestaurant.de\/wp-content\/uploads\/2021\/07\/IMG_4172e-2048x1365.jpg 2048w\" sizes=\"(max-width: 1024px) 100vw, 1024px\" \/><\/figure>\n\n\n\n<div class=\"wp-block-buttons\"><\/div>\n\n\n\n<h2 style=\"text-align: center;\" data-pm-slice=\"1 1 []\"><strong><em><span style=\"color: #385623;\"><a id=\"reservierungen\"><\/a>RESERVIERUNGEN<\/span><\/em><\/strong><\/h2>\n<h5 style=\"text-align: center;\"><span style=\"color: #538135;\">Ihre Reservierungen nehmen wir sehr gerne per E-mail:<\/span><\/h5>\n<h5 style=\"text-align: center;\"><a href=\"mailto:reservierung@verum-dasrestaurant.de\"><span style=\"color: #538135;\">reservierung@verum-dasrestaurant.de<\/span><\/a><\/h5>\n<h5 style=\"text-align: center;\"><span style=\"color: #538135;\">oder telefonisch unter <\/span><\/h5>\n<h5 style=\"text-align: center;\"><span style=\"color: #538135;\">015255426666 und 017662262600<\/span><\/h5>\n<h5 style=\"text-align: center;\"><span style=\"color: #538135;\">entgegen.<\/span><\/h5>\n\n\n\n<div class=\"wp-block-buttons\"><\/div>\n\n\n\n<h4 style=\"text-align: center;\"><em><span style=\"color: #385623;\">Wir freuen uns Sie begr\u00fc\u00dfen zu d\u00fcrfen.<\/span><\/em><\/h4>\n<p>&nbsp;<\/p>\n\n\n\n<figure class=\"wp-block-image alignfull size-large is-style-default\"><img loading=\"lazy\" width=\"1024\" height=\"683\" src=\"https:\/\/verum-dasrestaurant.de\/wp-content\/uploads\/2021\/07\/IMG_4101e-1024x683.jpg\" alt=\"\" class=\"wp-image-502\" srcset=\"https:\/\/verum-dasrestaurant.de\/wp-content\/uploads\/2021\/07\/IMG_4101e-1024x683.jpg 1024w, https:\/\/verum-dasrestaurant.de\/wp-content\/uploads\/2021\/07\/IMG_4101e-300x200.jpg 300w, https:\/\/verum-dasrestaurant.de\/wp-content\/uploads\/2021\/07\/IMG_4101e-768x512.jpg 768w, https:\/\/verum-dasrestaurant.de\/wp-content\/uploads\/2021\/07\/IMG_4101e-1536x1024.jpg 1536w, https:\/\/verum-dasrestaurant.de\/wp-content\/uploads\/2021\/07\/IMG_4101e-2048x1365.jpg 2048w\" sizes=\"(max-width: 1024px) 100vw, 1024px\" \/><\/figure>\n\n\n\n<h2 style=\"text-align: center;\"><em><span style=\"color: #385623;\"><strong><a id=\"dasmenu\"><\/a>Das Men\u00fc<\/strong><\/span><\/em><\/h2>\n<p style=\"text-align: center;\"><span style=\"color: #385623;\">Ein Auszug unseres Schaffens. F\u00fcr Verum. Die K\u00f6che f\u00fcr Zuhause gehen wir sehr gerne auf Ihre individuellen W\u00fcnsche und Vorlieben ein und erstellen mit Ihnen zusammen Ihr Men\u00fc.<\/span><\/p>\n<p style=\"text-align: center;\"><span style=\"color: #538135;\">\u00a0<\/span><\/p>\n<p style=\"text-align: center;\"><span style=\"color: #538135;\">Cornet, Tatar, Kr\u00e4uterquark<br \/><\/span><\/p>\n<p style=\"text-align: center;\"><span style=\"color: #538135;\">Hausgebackenes Sauerteigbrot, Butter <\/span><\/p>\n<p style=\"text-align: center;\"><span style=\"color: #538135;\">Amuse<br \/><\/span><\/p>\n<h5 style=\"text-align: center;\"><span style=\"color: #385623;\">Forelle vom Petrihof, Wiesenkr\u00e4uter, Meerrettich, Gurke, Apfel<br \/><\/span><\/h5>\n<h5 style=\"text-align: center;\"><span style=\"color: #385623;\">Entenleber von Lucien Doriath, Rhabarber, Timut Pfeffer<br \/><\/span><\/h5>\n<h5 style=\"text-align: center;\"><span style=\"color: #385623;\">Allerlei vom Odinstalrind, Spargel, Schnittlauch<br \/><\/span><\/h5>\n<h5 style=\"text-align: center;\"><span style=\"color: #385623;\">Karotte, Thaicurry-Aromen, Kopfsalat<br \/><\/span><\/h5>\n<h5 style=\"text-align: center;\"><span style=\"color: #385623;\">Lamm von Friedel Popp, Sarriette-Jus, Provenzalisches Gem\u00fcse, Kartoffel<br \/><\/span><\/h5>\n<h5 style=\"text-align: center;\"><span style=\"color: #385623;\">Ziegenmilch von der Meckerei in Landau, Acetum Royal<\/span><\/h5>\n<h5 style=\"text-align: center;\"><span style=\"color: #385623;\">Quark, Sauerampfer, Limette<\/span><\/h5>\n<p style=\"text-align: center;\"><span style=\"color: #538135;\">P\u00e2tisserie<\/span><\/p>\n<p style=\"text-align: center;\">\u00a0<\/p>\n<h4 style=\"text-align: center;\"><span style=\"color: #385623;\"><em>WIR FREUEN UNS AUF SIE!<\/em><\/span><\/h4>\n<p>\u00a0<\/p>\n<p style=\"text-align: center;\"><a href=\"https:\/\/verum-dasrestaurant.de\/wp-content\/uploads\/2022\/03\/Weinkarte.pdf\" target=\"_blank\" rel=\"noopener\"><span style=\"color: #385623;\"><strong>Die Weinkarte<\/strong><\/span><\/a><\/p>\n<p>\u00a0<\/p>\n\n\n\n<div class=\"wp-block-buttons\"><\/div>\n\n\n\n<div class=\"wp-block-buttons\"><\/div>\n\n\n\n<figure class=\"wp-block-image alignfull size-large\"><img loading=\"lazy\" width=\"1024\" height=\"594\" src=\"https:\/\/verum-dasrestaurant.de\/wp-content\/uploads\/2021\/07\/kirsche-1024x594.jpg\" alt=\"\" class=\"wp-image-498\" srcset=\"https:\/\/verum-dasrestaurant.de\/wp-content\/uploads\/2021\/07\/kirsche-1024x594.jpg 1024w, https:\/\/verum-dasrestaurant.de\/wp-content\/uploads\/2021\/07\/kirsche-300x174.jpg 300w, https:\/\/verum-dasrestaurant.de\/wp-content\/uploads\/2021\/07\/kirsche-768x446.jpg 768w, https:\/\/verum-dasrestaurant.de\/wp-content\/uploads\/2021\/07\/kirsche-1536x892.jpg 1536w, https:\/\/verum-dasrestaurant.de\/wp-content\/uploads\/2021\/07\/kirsche-2048x1189.jpg 2048w\" sizes=\"(max-width: 1024px) 100vw, 1024px\" \/><\/figure>\n\n\n\n<h2 style=\"text-align: center;\"><span style=\"color: #385623;\"><em><a id=\"pressestimmen\"><\/a>Pressestimmen<\/em><\/span><\/h2>\n<p style=\"text-align: center;\"><span style=\"color: #538135;\">&#8222;&#8230;Die beiden leidenschaftlichen K\u00f6che verstehen es, den origin\u00e4ren Geschmack der Speisen herauszuarbeiten. Man darf auf die Zukunft gespannt sein. &#8230;&#8220;<\/span><\/p>\n<p style=\"text-align: center;\"><span style=\"color: #385623;\"><em>Pf\u00e4lzer Restaurantf\u00fchrer, Meininger Verlag<\/em><\/span><\/p>\n<p style=\"text-align: center;\"><span style=\"color: #538135;\">&#8222;&#8230;Mit aromenstarken Gerichten geben sie ihre Begeisterung f\u00fcr guten Geschmack aus erstklassiger Produktqualit\u00e4t an die G\u00e4ste weiter. &#8230;&#8220;<\/span><\/p>\n<p style=\"text-align: center;\"><span style=\"color: #385623;\"><em>Falstaff Wein Guide<\/em><\/span><\/p>\n<p style=\"text-align: center;\"><span style=\"color: #538135;\">&#8222;&#8230;Lisa Schr\u00f6der und Ferdinand Kretz zelebrieren ihre Handwerkskunst auf ganz besondere Art, verstehen es dabei vorz\u00fcglich, mit dem Wohlgeschmack zugleich auch die Authentizit\u00e4t zu pflegen.&#8220;<\/span><\/p>\n<p style=\"text-align: center;\"><span style=\"color: #385623;\"><em>Die Rheinpfalz<\/em><\/span><\/p>\n<p>&nbsp;<\/p>\n\n\n\n<figure class=\"wp-block-image alignfull size-large\"><img loading=\"lazy\" width=\"1024\" height=\"683\" src=\"https:\/\/verum-dasrestaurant.de\/wp-content\/uploads\/2022\/03\/IMG_4195-1024x683.jpg\" alt=\"St\u00f6rr, Kalbskopf, Wurzelgem\u00fcse\" class=\"wp-image-532\" srcset=\"https:\/\/verum-dasrestaurant.de\/wp-content\/uploads\/2022\/03\/IMG_4195-1024x683.jpg 1024w, https:\/\/verum-dasrestaurant.de\/wp-content\/uploads\/2022\/03\/IMG_4195-300x200.jpg 300w, https:\/\/verum-dasrestaurant.de\/wp-content\/uploads\/2022\/03\/IMG_4195-768x512.jpg 768w, https:\/\/verum-dasrestaurant.de\/wp-content\/uploads\/2022\/03\/IMG_4195-1536x1024.jpg 1536w, https:\/\/verum-dasrestaurant.de\/wp-content\/uploads\/2022\/03\/IMG_4195-2048x1365.jpg 2048w\" sizes=\"(max-width: 1024px) 100vw, 1024px\" \/><\/figure>\n\n\n\n<h2 style=\"text-align: center;\"><strong><span style=\"color: #385632;\"><em><a id=\"verumdaswahre\"><\/a>Verum. Das Wahre<\/em><\/span><\/strong><\/h2>\n<h5 style=\"text-align: center;\"><span style=\"color: #538135;\">Der Traum in einem eigenen Restaurant zu stehen, f\u00fcr G\u00e4ste zu kochen, Ihnen Zeit zu schenken und ein L\u00e4cheln auf die Gesichter zu zaubern, besteht schon seit Beginn unserer Ausbildung zu K\u00f6chen. Aus der Leidenschaft f\u00fcr unseren Beruf und die Faszination f\u00fcr hervorragende, saisonale Produkte haben wir unseren eigenen Stil entwickelt. <\/span><\/h5>\n<h5 style=\"text-align: center;\"><span style=\"color: #538135;\">So entstand auch der Name Verum. Das Restaurant, wahrhafter Genuss und aromentiefer Geschmack gepaart mit Gastlichkeit und Freude. Wir m\u00f6chten unseren G\u00e4sten ein handwerklich perfektes, geschmacklich intensives und einfach ehrlich, k\u00f6stliches Men\u00fc servieren. Unser K\u00fcchenstil r\u00fcckt das Produkt auf dem Teller in den Mittelpunkt, zeichnet sich durch Klarheit und Intensit\u00e4t aus und zaubert so ein \u00e4sthetisches Bild mit dem Geschmack und Handwerk zelebriert werden.<\/span><\/h5>\n<h5 style=\"text-align: center;\"><span style=\"color: #538135;\">Ein Restaurant mit lecker, gut gekochtem Essen f\u00fcr Jedermann, indem ein vielf\u00e4ltiges Men\u00fc und ausgew\u00e4hlter Wein genosssen werden kann.<\/span><\/h5>\n<h4 style=\"text-align: center;\"><span style=\"color: #385632;\"><em>Herzlich Willkommen!<\/em><\/span><\/h4>\n<p>&nbsp;<\/p>\n\n\n\n<figure class=\"wp-block-image alignfull size-large\"><img loading=\"lazy\" width=\"1024\" height=\"403\" src=\"https:\/\/verum-dasrestaurant.de\/wp-content\/uploads\/2021\/07\/petit-1024x403.jpg\" alt=\"\" class=\"wp-image-496\" srcset=\"https:\/\/verum-dasrestaurant.de\/wp-content\/uploads\/2021\/07\/petit-1024x403.jpg 1024w, https:\/\/verum-dasrestaurant.de\/wp-content\/uploads\/2021\/07\/petit-300x118.jpg 300w, https:\/\/verum-dasrestaurant.de\/wp-content\/uploads\/2021\/07\/petit-768x302.jpg 768w, https:\/\/verum-dasrestaurant.de\/wp-content\/uploads\/2021\/07\/petit-1536x604.jpg 1536w, https:\/\/verum-dasrestaurant.de\/wp-content\/uploads\/2021\/07\/petit-2048x805.jpg 2048w\" sizes=\"(max-width: 1024px) 100vw, 1024px\" \/><\/figure>\n\n\n\n<h2 style=\"text-align: center;\" data-pm-slice=\"1 1 []\"><strong><span style=\"color: #385623;\"><em><a id=\"gastgeber\"><\/a>Ihre Gastgeber<\/em><\/span><\/strong><\/h2>\n<h4 style=\"text-align: center;\"><strong><span style=\"color: #385623;\"><em>Ferdinand Kretz und Lisa Schr\u00f6der<\/em><\/span><\/strong><\/h4>\n<h5 class=\"sqsrte-large\" style=\"text-align: center;\"><span style=\"color: #538135;\">Unsere Begeisterung f\u00fcr Geschmack und Produkte von au\u00dferordentlicher Qualit\u00e4t, sowie die Leidenschaft f\u00fcr das Kochen, haben uns nicht nur zusammengef\u00fchrt, sondern motivieren uns auch jeden Tag aufs Neue, Sie mit Herzlichkeit, Freude und Kompetenz an einem genussreichen Abend zu verw\u00f6hnen.<\/span><\/h5>\n\n\n\n<div class=\"wp-block-image is-style-default\"><figure class=\"aligncenter size-full is-resized\"><img loading=\"lazy\" src=\"https:\/\/verum-dasrestaurant.de\/wp-content\/uploads\/2020\/10\/IMG-20201019-WA0001.jpeg\" alt=\"\" class=\"wp-image-65\" width=\"942\" height=\"942\" srcset=\"https:\/\/verum-dasrestaurant.de\/wp-content\/uploads\/2020\/10\/IMG-20201019-WA0001.jpeg 640w, https:\/\/verum-dasrestaurant.de\/wp-content\/uploads\/2020\/10\/IMG-20201019-WA0001-300x300.jpeg 300w, https:\/\/verum-dasrestaurant.de\/wp-content\/uploads\/2020\/10\/IMG-20201019-WA0001-150x150.jpeg 150w\" sizes=\"(max-width: 942px) 100vw, 942px\" \/><\/figure><\/div>\n\n\n\n<h4 style=\"text-align: left;\"><span style=\"color: #385623;\"><em><strong>Ferdinand Kretz<\/strong><\/em><\/span><\/h4>\n<p style=\"text-align: left;\"><span style=\"color: #538135;\">Seit 2019 Chef de Partie Restaurant Intense, Kallstadt (*Michelin)<\/span><\/p>\n<p style=\"text-align: left;\"><span style=\"color: #538135;\">2018-2019 Chef de Partie Waldhotel Sonnora, Dreis (***Michelin) <\/span><\/p>\n<p style=\"text-align: left;\"><span style=\"color: #538135;\">2016-2017 Chef Patissier Restaurant Jante, Hannover (**Michelin)<\/span><\/p>\n<p style=\"text-align: left;\"><span style=\"color: #538135;\">2015 Commis de Cuisine Restaurant Kai 3, Sylt (*Michelin)<\/span><\/p>\n<p style=\"text-align: left;\"><span style=\"color: #538135;\">2012-2015 Ausbildung zum Koch Grand Spa Resort A-Rosa, Sylt<\/span><\/p>\n<p>&nbsp;<\/p>\n\n\n\n<div class=\"wp-block-image is-style-default\"><figure class=\"aligncenter size-full is-resized\"><img loading=\"lazy\" src=\"https:\/\/verum-dasrestaurant.de\/wp-content\/uploads\/2020\/10\/IMG-20201019-WA0000.jpg\" alt=\"\" class=\"wp-image-64\" width=\"942\" height=\"942\" srcset=\"https:\/\/verum-dasrestaurant.de\/wp-content\/uploads\/2020\/10\/IMG-20201019-WA0000.jpg 640w, https:\/\/verum-dasrestaurant.de\/wp-content\/uploads\/2020\/10\/IMG-20201019-WA0000-300x300.jpg 300w, https:\/\/verum-dasrestaurant.de\/wp-content\/uploads\/2020\/10\/IMG-20201019-WA0000-150x150.jpg 150w\" sizes=\"(max-width: 942px) 100vw, 942px\" \/><\/figure><\/div>\n\n\n\n<h4 style=\"text-align: right;\"><span style=\"color: #385623;\"><em><strong>Lisa Schr\u00f6der<\/strong><\/em><\/span><\/h4>\n<p style=\"text-align: right;\"><span style=\"color: #538135;\">Seit 2019 Chef de Partie Restaurant Intense, Kallstadt (*Michelin)<\/span><\/p>\n<p style=\"text-align: right;\"><span style=\"color: #538135;\">2018-2019 Chef de Partie Waldhotel Sonnora, Dreis (***Michelin)<\/span><\/p>\n<p style=\"text-align: right;\"><span style=\"color: #538135;\">2015-2017 K\u00fcchenchefin Boca Gastrobar, Hannover(Bib Gourmand Michelin)<\/span><\/p>\n<p style=\"text-align: right;\"><span style=\"color: #538135;\">2015 Commis de Cuisine Gourmetrestaurant F\u00e4hrhaus, Sylt (**Michelin)<\/span><\/p>\n<p style=\"text-align: right;\"><span style=\"color: #538135;\">2012-2015 Ausbildung zur K\u00f6chin Grand Spa Resort A-Rosa, Sylt<\/span><\/p>\n<p>&nbsp;<\/p>\n\n\n\n<figure class=\"wp-block-image alignfull size-large\"><img loading=\"lazy\" width=\"1024\" height=\"599\" src=\"https:\/\/verum-dasrestaurant.de\/wp-content\/uploads\/2021\/07\/Artischocke-Tomate-Ricotta-1-1024x599.jpg\" alt=\"\" class=\"wp-image-505\" srcset=\"https:\/\/verum-dasrestaurant.de\/wp-content\/uploads\/2021\/07\/Artischocke-Tomate-Ricotta-1-1024x599.jpg 1024w, https:\/\/verum-dasrestaurant.de\/wp-content\/uploads\/2021\/07\/Artischocke-Tomate-Ricotta-1-300x176.jpg 300w, https:\/\/verum-dasrestaurant.de\/wp-content\/uploads\/2021\/07\/Artischocke-Tomate-Ricotta-1-768x449.jpg 768w, https:\/\/verum-dasrestaurant.de\/wp-content\/uploads\/2021\/07\/Artischocke-Tomate-Ricotta-1-1536x899.jpg 1536w, https:\/\/verum-dasrestaurant.de\/wp-content\/uploads\/2021\/07\/Artischocke-Tomate-Ricotta-1-2048x1199.jpg 2048w\" sizes=\"(max-width: 1024px) 100vw, 1024px\" \/><\/figure>\n\n\n\n<p style=\"text-align: center;\"><span style=\"color: #385623;\"><a id=\"newsletter\"><\/a>&#8222;Eine gute K\u00fcche ist das Fundament allen Gl\u00fccks&#8220; <\/span><\/p>\n<p style=\"text-align: center;\"><span style=\"color: #385623;\">Auguste Escoffier<\/span><\/p>\n\n\n\n<iframe class=\"mj-w-res-iframe\" scrolling=\"no\" marginheight=\"0\" marginwidth=\"0\" src=\"https:\/\/email-marketing.ionos.de\/widget\/iframe\/6jvY\/GOa\" width=\"100%\" frameborder=\"0\"><\/iframe>\n\n<script type=\"text\/javascript\" src=\"https:\/\/email-marketing.ionos.de\/statics\/js\/iframeResizer.min.js\"><\/script>\n","protected":false},"excerpt":{"rendered":"<p>Die Entstehung Seien Sie dabei wie zwei ambitionierte K\u00f6che voller Ideen und Tatendrang Ihr Traumrestaurant verwirklichen! Verfolgen Sie unsere Entwicklungen mitten im Geschehen. Genie\u00dfen Sie vorab unser K\u00f6nnen und lassen [&hellip;]<\/p>\n","protected":false},"author":1,"featured_media":0,"parent":0,"menu_order":0,"comment_status":"closed","ping_status":"closed","template":"","meta":[],"yoast_head":"<!-- This site is optimized with the Yoast SEO plugin v15.4 - https:\/\/yoast.com\/wordpress\/plugins\/seo\/ -->\n<title>Verum. Das Restaurant &quot;...aus Liebe an Genuss!&quot;<\/title>\n<meta name=\"description\" content=\"K\u00f6stlicher Geschmack gepaart mit Gastlichkeit und Freude. Ein Restaurant mit lecker, gut gekochtem Essen, indem ein vielf\u00e4ltiges Men\u00fc und ausgew\u00e4hlter Wein genossen werden kann.\" \/>\n<meta name=\"robots\" content=\"index, follow, max-snippet:-1, max-image-preview:large, max-video-preview:-1\" \/>\n<link rel=\"canonical\" href=\"https:\/\/verum-dasrestaurant.de\/\" \/>\n<meta property=\"og:locale\" content=\"de_DE\" \/>\n<meta property=\"og:type\" content=\"article\" \/>\n<meta property=\"og:title\" content=\"Verum. Das Restaurant &quot;...aus Liebe an Genuss!&quot;\" \/>\n<meta property=\"og:description\" content=\"K\u00f6stlicher Geschmack gepaart mit Gastlichkeit und Freude. Ein Restaurant mit lecker, gut gekochtem Essen, indem ein vielf\u00e4ltiges Men\u00fc und ausgew\u00e4hlter Wein genossen werden kann.\" \/>\n<meta property=\"og:url\" content=\"https:\/\/verum-dasrestaurant.de\/\" \/>\n<meta property=\"og:site_name\" content=\"Verum. Das Restaurant &quot;...aus Liebe an Genuss!&quot;\" \/>\n<meta property=\"article:modified_time\" content=\"2022-03-08T13:05:12+00:00\" \/>\n<meta property=\"og:image\" content=\"https:\/\/verum-dasrestaurant.de\/wp-content\/uploads\/2021\/07\/IMG_4065e-1024x683.jpg\" \/>\n<meta name=\"twitter:card\" content=\"summary_large_image\" \/>\n<meta name=\"twitter:label1\" content=\"Verfasst von\">\n\t<meta name=\"twitter:data1\" content=\"kretzfer\">\n\t<meta name=\"twitter:label2\" content=\"Gesch\u00e4tzte Lesezeit\">\n\t<meta name=\"twitter:data2\" content=\"3\u00a0Minuten\">\n<script type=\"application\/ld+json\" class=\"yoast-schema-graph\">{\"@context\":\"https:\/\/schema.org\",\"@graph\":[{\"@type\":\"WebSite\",\"@id\":\"https:\/\/verum-dasrestaurant.de\/#website\",\"url\":\"https:\/\/verum-dasrestaurant.de\/\",\"name\":\"Verum. Das Restaurant &quot;...aus Liebe an Genuss!&quot;\",\"description\":\"K\\u00f6stlicher Geschmack gepaart mit Gastlichkeit und Freude. Ein Restaurant mit lecker, gut gekochtem Essen, indem ein vielf\\u00e4ltiges Men\\u00fc und ausgew\\u00e4hlter Wein genossen werden kann.\",\"potentialAction\":[{\"@type\":\"SearchAction\",\"target\":\"https:\/\/verum-dasrestaurant.de\/?s={search_term_string}\",\"query-input\":\"required name=search_term_string\"}],\"inLanguage\":\"de\"},{\"@type\":\"ImageObject\",\"@id\":\"https:\/\/verum-dasrestaurant.de\/#primaryimage\",\"inLanguage\":\"de\",\"url\":\"https:\/\/verum-dasrestaurant.de\/wp-content\/uploads\/2021\/07\/IMG_4065e-scaled.jpg\",\"width\":2560,\"height\":1707},{\"@type\":\"WebPage\",\"@id\":\"https:\/\/verum-dasrestaurant.de\/#webpage\",\"url\":\"https:\/\/verum-dasrestaurant.de\/\",\"name\":\"Verum. Das Restaurant &quot;...aus Liebe an Genuss!&quot;\",\"isPartOf\":{\"@id\":\"https:\/\/verum-dasrestaurant.de\/#website\"},\"primaryImageOfPage\":{\"@id\":\"https:\/\/verum-dasrestaurant.de\/#primaryimage\"},\"datePublished\":\"2020-10-28T14:42:00+00:00\",\"dateModified\":\"2022-03-08T13:05:12+00:00\",\"description\":\"K\\u00f6stlicher Geschmack gepaart mit Gastlichkeit und Freude. Ein Restaurant mit lecker, gut gekochtem Essen, indem ein vielf\\u00e4ltiges Men\\u00fc und ausgew\\u00e4hlter Wein genossen werden kann.\",\"inLanguage\":\"de\",\"potentialAction\":[{\"@type\":\"ReadAction\",\"target\":[\"https:\/\/verum-dasrestaurant.de\/\"]}]}]}<\/script>\n<!-- \/ Yoast SEO plugin. -->","_links":{"self":[{"href":"https:\/\/verum-dasrestaurant.de\/index.php?rest_route=\/wp\/v2\/pages\/55"}],"collection":[{"href":"https:\/\/verum-dasrestaurant.de\/index.php?rest_route=\/wp\/v2\/pages"}],"about":[{"href":"https:\/\/verum-dasrestaurant.de\/index.php?rest_route=\/wp\/v2\/types\/page"}],"author":[{"embeddable":true,"href":"https:\/\/verum-dasrestaurant.de\/index.php?rest_route=\/wp\/v2\/users\/1"}],"replies":[{"embeddable":true,"href":"https:\/\/verum-dasrestaurant.de\/index.php?rest_route=%2Fwp%2Fv2%2Fcomments&post=55"}],"version-history":[{"count":172,"href":"https:\/\/verum-dasrestaurant.de\/index.php?rest_route=\/wp\/v2\/pages\/55\/revisions"}],"predecessor-version":[{"id":553,"href":"https:\/\/verum-dasrestaurant.de\/index.php?rest_route=\/wp\/v2\/pages\/55\/revisions\/553"}],"wp:attachment":[{"href":"https:\/\/verum-dasrestaurant.de\/index.php?rest_route=%2Fwp%2Fv2%2Fmedia&parent=55"}],"curies":[{"name":"wp","href":"https:\/\/api.w.org\/{rel}","templated":true}]}}